{"id":15,"date":"2022-02-06T09:37:16","date_gmt":"2022-02-06T09:37:16","guid":{"rendered":"https:\/\/xstore.8theme.com\/elementor\/demos\/minimal-electronics\/?page_id=15"},"modified":"2025-09-03T00:18:00","modified_gmt":"2025-09-02T23:18:00","slug":"home-minimal-electronics","status":"publish","type":"page","link":"https:\/\/serviciotecnicocesec.com\/","title":{"rendered":"Home minimal-electronics"},"content":{"rendered":"\t\t<div data-elementor-type=\"wp-page\" data-elementor-id=\"15\" class=\"elementor elementor-15\" data-elementor-post-type=\"page\">\n\t\t\t\t\t\t<section class=\"elementor-section elementor-top-section elementor-element elementor-element-6f56a20 elementor-section-height-min-height elementor-section-boxed elementor-section-height-default elementor-section-items-middle\" data-id=\"6f56a20\" data-element_type=\"section\" data-settings=\"{&quot;background_background&quot;:&quot;classic&quot;}\">\n\t\t\t\t\t\t<div class=\"elementor-container elementor-column-gap-no\">\n\t\t\t\t\t<div class=\"elementor-column elementor-col-50 elementor-top-column elementor-element elementor-element-51d6b23\" data-id=\"51d6b23\" data-element_type=\"column\" data-settings=\"{&quot;background_background&quot;:&quot;gradient&quot;}\">\n\t\t\t<div class=\"elementor-widget-wrap elementor-element-populated\">\n\t\t\t\t\t\t<div class=\"elementor-element elementor-element-6c2a4f4 elementor-widget elementor-widget-heading\" data-id=\"6c2a4f4\" data-element_type=\"widget\" data-widget_type=\"heading.default\">\n\t\t\t\t<div class=\"elementor-widget-container\">\n\t\t\t\t\t<h2 class=\"elementor-heading-title elementor-size-default\">Bienvenido a CESEC<\/h2>\t\t\t\t<\/div>\n\t\t\t\t<\/div>\n\t\t\t\t<div class=\"elementor-element elementor-element-6519107 elementor-hidden-mobile elementor-widget elementor-widget-heading\" data-id=\"6519107\" data-element_type=\"widget\" data-widget_type=\"heading.default\">\n\t\t\t\t<div class=\"elementor-widget-container\">\n\t\t\t\t\t<h2 class=\"elementor-heading-title elementor-size-default\">Servicio t\u00e9cnico y venta de accesorios a los mejores precios.<\/h2>\t\t\t\t<\/div>\n\t\t\t\t<\/div>\n\t\t\t\t\t<\/div>\n\t\t<\/div>\n\t\t\t\t<div class=\"elementor-column elementor-col-50 elementor-top-column elementor-element elementor-element-ee09735\" data-id=\"ee09735\" data-element_type=\"column\">\n\t\t\t<div class=\"elementor-widget-wrap\">\n\t\t\t\t\t\t\t<\/div>\n\t\t<\/div>\n\t\t\t\t\t<\/div>\n\t\t<\/section>\n\t\t\t\t<section class=\"elementor-section elementor-top-section elementor-element elementor-element-1fa396a elementor-section-content-middle elementor-section-boxed elementor-section-height-default elementor-section-height-default elementor-invisible\" data-id=\"1fa396a\" data-element_type=\"section\" data-settings=\"{&quot;animation&quot;:&quot;fadeIn&quot;}\">\n\t\t\t\t\t\t<div class=\"elementor-container elementor-column-gap-no\">\n\t\t\t\t\t<div class=\"elementor-column elementor-col-50 elementor-top-column elementor-element elementor-element-ad345b4\" data-id=\"ad345b4\" data-element_type=\"column\">\n\t\t\t<div class=\"elementor-widget-wrap elementor-element-populated\">\n\t\t\t\t\t\t<div class=\"elementor-element elementor-element-7204a031 elementor-widget elementor-widget-etheme_hotspot\" data-id=\"7204a031\" data-element_type=\"widget\" data-settings=\"{&quot;tooltip_trigger&quot;:&quot;hover&quot;}\" data-widget_type=\"etheme_hotspot.default\">\n\t\t\t\t<div class=\"elementor-widget-container\">\n\t\t\t\t\t<span class=\"etheme-ajaxify-lazy-wrapper etheme-ajaxify-replace\" data-type=\"elementor\" data-request=\"WyJlbGVtZW50b3IiLDc1NywiNzcwN2IzOTQiXQ==\"><\/span>\t\t\t\t<\/div>\n\t\t\t\t<\/div>\n\t\t\t\t\t<\/div>\n\t\t<\/div>\n\t\t\t\t<div class=\"elementor-column elementor-col-50 elementor-top-column elementor-element elementor-element-39cf4dc\" data-id=\"39cf4dc\" data-element_type=\"column\">\n\t\t\t<div class=\"elementor-widget-wrap elementor-element-populated\">\n\t\t\t\t\t\t<div class=\"elementor-element elementor-element-7cc7b91 elementor-align-left elementor-widget elementor-widget-etheme_advanced_headline\" data-id=\"7cc7b91\" data-element_type=\"widget\" data-widget_type=\"etheme_advanced_headline.default\">\n\t\t\t\t<div class=\"elementor-widget-container\">\n\t\t\t\t\t        \n        <div class=\"etheme-a-h-wrapper\">\n        \n            \n        <h2 class=\"etheme-advanced-headline etheme-advanced-headline-mask\">\n\n            \u00bfTiene problemas con su lavadora, televisor, equipo o cualquier otro electrodom\u00e9stico?\n        <\/h2>\n\t\t\n                                <div class=\"etheme-a-h-image-wrapper\">\n                        <img decoding=\"async\" src=\"https:\/\/serviciotecnicocesec.com\/wp-content\/uploads\/2022\/02\/Line-1.jpeg\" title=\"Line 1\" alt=\"Line 1\" loading=\"lazy\" \/>                    <\/div>\n                                    <p class=\"etheme-a-h-text-after\">\n                    En CENSEL brindamos servicio t\u00e9cnico para electrodom\u00e9sticos en Lima Metropolitana. Ll\u00e1menos al 5623001 o escr\u00edbanos a info@serviciotecnicocesec.com\nReparamos electrodom\u00e9sticos LG, EPSON, SAMSUNG, SONY, RECORD y PANASONIC.                <\/p>\n                    \n        <\/div>\n        \n\t\t\t\t\t\t<\/div>\n\t\t\t\t<\/div>\n\t\t\t\t\t<\/div>\n\t\t<\/div>\n\t\t\t\t\t<\/div>\n\t\t<\/section>\n\t\t\t\t<section class=\"elementor-section elementor-top-section elementor-element elementor-element-f020ccf elementor-section-content-middle elementor-section-boxed elementor-section-height-default elementor-section-height-default elementor-invisible\" data-id=\"f020ccf\" data-element_type=\"section\" data-settings=\"{&quot;animation&quot;:&quot;fadeIn&quot;}\">\n\t\t\t\t\t\t<div class=\"elementor-container elementor-column-gap-no\">\n\t\t\t\t\t<div class=\"elementor-column elementor-col-50 elementor-top-column elementor-element elementor-element-1648172\" data-id=\"1648172\" data-element_type=\"column\">\n\t\t\t<div class=\"elementor-widget-wrap elementor-element-populated\">\n\t\t\t\t\t\t<div class=\"elementor-element elementor-element-4155cad elementor-align-left elementor-widget elementor-widget-etheme_advanced_headline\" data-id=\"4155cad\" data-element_type=\"widget\" data-widget_type=\"etheme_advanced_headline.default\">\n\t\t\t\t<div class=\"elementor-widget-container\">\n\t\t\t\t\t        \n        <div class=\"etheme-a-h-wrapper\">\n        \n            \n        <h2 class=\"etheme-advanced-headline etheme-advanced-headline-mask\">\n\n            Servicio t\u00e9cnico para electrodom\u00e9sticos\n        <\/h2>\n\t\t\n                                <div class=\"etheme-a-h-image-wrapper\">\n                        <img decoding=\"async\" src=\"https:\/\/serviciotecnicocesec.com\/wp-content\/uploads\/2022\/02\/Line-1.jpeg\" title=\"Line 1\" alt=\"Line 1\" loading=\"lazy\" \/>                    <\/div>\n                                    <p class=\"etheme-a-h-text-after\">\n                    Somos expertos en la reparaci\u00f3n y mantenimiento de lavadoras, secadoras, licuadoras y otros. Contamos con el respaldo de LG Per\u00fa. Tambi\u00e9n atendemos SAMSUNG y DAEWOO. Adem\u00e1s reparamos refrigeradoras y microondas.                <\/p>\n                    \n        <\/div>\n        \n\t\t\t\t\t\t<\/div>\n\t\t\t\t<\/div>\n\t\t\t\t\t<\/div>\n\t\t<\/div>\n\t\t\t\t<div class=\"elementor-column elementor-col-50 elementor-top-column elementor-element elementor-element-4b39fc7\" data-id=\"4b39fc7\" data-element_type=\"column\">\n\t\t\t<div class=\"elementor-widget-wrap elementor-element-populated\">\n\t\t\t\t\t\t<div class=\"elementor-element elementor-element-797c191 elementor-widget elementor-widget-image\" data-id=\"797c191\" data-element_type=\"widget\" data-widget_type=\"image.default\">\n\t\t\t\t<div class=\"elementor-widget-container\">\n\t\t\t\t\t\t\t\t\t\t\t\t\t\t\t<img loading=\"lazy\" loading=\"lazy\" decoding=\"async\" width=\"250\" height=\"293\" src=\"https:\/\/serviciotecnicocesec.com\/wp-content\/uploads\/2025\/08\/tecnico-camaras-V2.png\" class=\"attachment-large size-large wp-image-2160\" alt=\"\" srcset=\"https:\/\/serviciotecnicocesec.com\/wp-content\/uploads\/2025\/08\/tecnico-camaras-V2.png 250w, https:\/\/serviciotecnicocesec.com\/wp-content\/uploads\/2025\/08\/tecnico-camaras-V2-1x1.png 1w\" sizes=\"auto, (max-width: 250px) 100vw, 250px\" \/>\t\t\t\t\t\t\t\t\t\t\t\t\t\t\t<\/div>\n\t\t\t\t<\/div>\n\t\t\t\t\t<\/div>\n\t\t<\/div>\n\t\t\t\t\t<\/div>\n\t\t<\/section>\n\t\t\t\t<section class=\"elementor-section elementor-top-section elementor-element elementor-element-12e4661 elementor-section-content-middle elementor-section-boxed elementor-section-height-default elementor-section-height-default elementor-invisible\" data-id=\"12e4661\" data-element_type=\"section\" data-settings=\"{&quot;animation&quot;:&quot;fadeIn&quot;}\">\n\t\t\t\t\t\t<div class=\"elementor-container elementor-column-gap-no\">\n\t\t\t\t\t<div class=\"elementor-column elementor-col-50 elementor-top-column elementor-element elementor-element-d946f52\" data-id=\"d946f52\" data-element_type=\"column\">\n\t\t\t<div class=\"elementor-widget-wrap elementor-element-populated\">\n\t\t\t\t\t\t<div class=\"elementor-element elementor-element-e0faee5 elementor-widget elementor-widget-etheme_hotspot\" data-id=\"e0faee5\" data-element_type=\"widget\" data-settings=\"{&quot;tooltip_trigger&quot;:&quot;hover&quot;}\" data-widget_type=\"etheme_hotspot.default\">\n\t\t\t\t<div class=\"elementor-widget-container\">\n\t\t\t\t\t<span class=\"etheme-ajaxify-lazy-wrapper etheme-ajaxify-replace\" data-type=\"elementor\" data-request=\"WyJlbGVtZW50b3IiLDc1NywiYzExYzQ4MDIiXQ==\"><\/span>\t\t\t\t<\/div>\n\t\t\t\t<\/div>\n\t\t\t\t\t<\/div>\n\t\t<\/div>\n\t\t\t\t<div class=\"elementor-column elementor-col-50 elementor-top-column elementor-element elementor-element-e8838fa\" data-id=\"e8838fa\" data-element_type=\"column\">\n\t\t\t<div class=\"elementor-widget-wrap elementor-element-populated\">\n\t\t\t\t\t\t<div class=\"elementor-element elementor-element-1ed3b82 elementor-align-left elementor-widget elementor-widget-etheme_advanced_headline\" data-id=\"1ed3b82\" data-element_type=\"widget\" data-widget_type=\"etheme_advanced_headline.default\">\n\t\t\t\t<div class=\"elementor-widget-container\">\n\t\t\t\t\t        \n        <div class=\"etheme-a-h-wrapper\">\n        \n            \n        <h2 class=\"etheme-advanced-headline etheme-advanced-headline-mask\">\n\n            Servicio t\u00e9cnico para electrodom\u00e9sticos\n        <\/h2>\n\t\t\n                                <div class=\"etheme-a-h-image-wrapper\">\n                        <img decoding=\"async\" src=\"https:\/\/serviciotecnicocesec.com\/wp-content\/uploads\/2022\/02\/Line-1.jpeg\" title=\"Line 1\" alt=\"Line 1\" loading=\"lazy\" \/>                    <\/div>\n                                    <p class=\"etheme-a-h-text-after\">\n                    Somos expertos en la reparaci\u00f3n y mantenimiento de lavadoras, secadoras, licuadoras y otros. Contamos con el respaldo de LG Per\u00fa. Tambi\u00e9n atendemos SAMSUNG y DAEWOO. Adem\u00e1s reparamos refrigeradoras y microondas.                <\/p>\n                    \n        <\/div>\n        \n\t\t\t\t\t\t<\/div>\n\t\t\t\t<\/div>\n\t\t\t\t\t<\/div>\n\t\t<\/div>\n\t\t\t\t\t<\/div>\n\t\t<\/section>\n\t\t\t\t<section class=\"elementor-section elementor-top-section elementor-element elementor-element-40c8d1f elementor-section-boxed elementor-section-height-default elementor-section-height-default elementor-invisible\" data-id=\"40c8d1f\" data-element_type=\"section\" data-settings=\"{&quot;animation&quot;:&quot;fadeIn&quot;}\">\n\t\t\t\t\t\t<div class=\"elementor-container elementor-column-gap-no\">\n\t\t\t\t\t<div class=\"elementor-column elementor-col-100 elementor-top-column elementor-element elementor-element-7e25c7b\" data-id=\"7e25c7b\" data-element_type=\"column\">\n\t\t\t<div class=\"elementor-widget-wrap elementor-element-populated\">\n\t\t\t\t\t\t<div class=\"elementor-element elementor-element-d3f8e1d elementor-align-center elementor-widget elementor-widget-etheme_advanced_headline\" data-id=\"d3f8e1d\" data-element_type=\"widget\" data-widget_type=\"etheme_advanced_headline.default\">\n\t\t\t\t<div class=\"elementor-widget-container\">\n\t\t\t\t\t        \n        <div class=\"etheme-a-h-wrapper\">\n        \n            \n        <h2 class=\"etheme-advanced-headline etheme-advanced-headline-mask\">\n\n            Dale una hojeada nuestros productos\n        <\/h2>\n\t\t\n                                <div class=\"etheme-a-h-image-wrapper\">\n                        <img decoding=\"async\" src=\"https:\/\/serviciotecnicocesec.com\/wp-content\/uploads\/2022\/02\/Line-1.jpeg\" title=\"Line 1\" alt=\"Line 1\" loading=\"lazy\" \/>                    <\/div>\n                            \n        <\/div>\n        \n\t\t\t\t\t\t<\/div>\n\t\t\t\t<\/div>\n\t\t\t\t<div class=\"elementor-element elementor-element-c6c73be elementor-widget elementor-widget-etheme_product_carousel\" data-id=\"c6c73be\" data-element_type=\"widget\" data-settings=\"{&quot;slides_per_view_tablet&quot;:&quot;3&quot;,&quot;slides_per_view_mobile&quot;:&quot;1&quot;,&quot;space_between&quot;:{&quot;unit&quot;:&quot;px&quot;,&quot;size&quot;:30,&quot;sizes&quot;:[]},&quot;navigation&quot;:&quot;both&quot;,&quot;slides_per_view&quot;:4,&quot;space_between_tablet&quot;:{&quot;unit&quot;:&quot;px&quot;,&quot;size&quot;:&quot;&quot;,&quot;sizes&quot;:[]},&quot;space_between_mobile&quot;:{&quot;unit&quot;:&quot;px&quot;,&quot;size&quot;:&quot;&quot;,&quot;sizes&quot;:[]},&quot;loop&quot;:&quot;yes&quot;}\" data-widget_type=\"etheme_product_carousel.default\">\n\t\t\t\t<div class=\"elementor-widget-container\">\n\t\t\t\t\t<span class=\"etheme-ajaxify-lazy-wrapper etheme-ajaxify-replace\" data-type=\"elementor\" data-request=\"WyJlbGVtZW50b3IiLDcxNywiZjE2ODg1MzMiXQ==\"><\/span>\t\t\t\t<\/div>\n\t\t\t\t<\/div>\n\t\t\t\t\t<\/div>\n\t\t<\/div>\n\t\t\t\t\t<\/div>\n\t\t<\/section>\n\t\t\t\t<section class=\"elementor-section elementor-top-section elementor-element elementor-element-9600e53 elementor-section-boxed elementor-section-height-default elementor-section-height-default elementor-invisible\" data-id=\"9600e53\" data-element_type=\"section\" data-settings=\"{&quot;animation&quot;:&quot;fadeIn&quot;}\">\n\t\t\t\t\t\t<div class=\"elementor-container elementor-column-gap-no\">\n\t\t\t\t\t<div class=\"elementor-column elementor-col-100 elementor-top-column elementor-element elementor-element-b505636\" data-id=\"b505636\" data-element_type=\"column\">\n\t\t\t<div class=\"elementor-widget-wrap elementor-element-populated\">\n\t\t\t\t\t\t<div class=\"elementor-element elementor-element-d3bf153 elementor-align-center elementor-widget elementor-widget-etheme_advanced_headline\" data-id=\"d3bf153\" data-element_type=\"widget\" data-widget_type=\"etheme_advanced_headline.default\">\n\t\t\t\t<div class=\"elementor-widget-container\">\n\t\t\t\t\t        \n        <div class=\"etheme-a-h-wrapper\">\n        \n            \n        <h2 class=\"etheme-advanced-headline etheme-advanced-headline-mask\">\n\n            Visita nuestro blog\n        <\/h2>\n\t\t\n                                <div class=\"etheme-a-h-image-wrapper\">\n                        <img decoding=\"async\" src=\"https:\/\/serviciotecnicocesec.com\/wp-content\/uploads\/2022\/02\/Line-1.jpeg\" title=\"Line 1\" alt=\"Line 1\" loading=\"lazy\" \/>                    <\/div>\n                            \n        <\/div>\n        \n\t\t\t\t\t\t<\/div>\n\t\t\t\t<\/div>\n\t\t\t\t<div class=\"elementor-element elementor-element-883aafa elementor-widget elementor-widget-etheme_posts_carousel\" data-id=\"883aafa\" data-element_type=\"widget\" data-settings=\"{&quot;slides_per_view_tablet&quot;:&quot;2&quot;,&quot;space_between&quot;:{&quot;unit&quot;:&quot;px&quot;,&quot;size&quot;:30,&quot;sizes&quot;:[]},&quot;slides_per_view&quot;:3,&quot;space_between_tablet&quot;:{&quot;unit&quot;:&quot;px&quot;,&quot;size&quot;:&quot;&quot;,&quot;sizes&quot;:[]},&quot;space_between_mobile&quot;:{&quot;unit&quot;:&quot;px&quot;,&quot;size&quot;:&quot;&quot;,&quot;sizes&quot;:[]},&quot;loop&quot;:&quot;yes&quot;,&quot;navigation&quot;:&quot;arrows&quot;}\" data-widget_type=\"etheme_posts_carousel.default\">\n\t\t\t\t<div class=\"elementor-widget-container\">\n\t\t\t\t\t<span class=\"etheme-ajaxify-lazy-wrapper etheme-ajaxify-replace\" data-type=\"elementor\" data-request=\"WyJlbGVtZW50b3IiLDIwODQsImE4ZmRmNjk4Il0=\"><\/span>\t\t\t\t<\/div>\n\t\t\t\t<\/div>\n\t\t\t\t\t<\/div>\n\t\t<\/div>\n\t\t\t\t\t<\/div>\n\t\t<\/section>\n\t\t\t\t<section class=\"elementor-section elementor-top-section elementor-element elementor-element-7fee3a1 elementor-section-boxed elementor-section-height-default elementor-section-height-default elementor-invisible\" data-id=\"7fee3a1\" data-element_type=\"section\" data-settings=\"{&quot;animation&quot;:&quot;fadeIn&quot;}\">\n\t\t\t\t\t\t<div class=\"elementor-container elementor-column-gap-no\">\n\t\t\t\t\t<div class=\"elementor-column elementor-col-100 elementor-top-column elementor-element elementor-element-cd9b02c\" data-id=\"cd9b02c\" data-element_type=\"column\">\n\t\t\t<div class=\"elementor-widget-wrap elementor-element-populated\">\n\t\t\t\t\t\t<div class=\"elementor-element elementor-element-7e2d693 elementor-widget elementor-widget-etheme_brands\" data-id=\"7e2d693\" data-element_type=\"widget\" data-widget_type=\"etheme_brands.default\">\n\t\t\t\t<div class=\"elementor-widget-container\">\n\t\t\t\t\t<span class=\"etheme-ajaxify-lazy-wrapper etheme-ajaxify-replace\" data-type=\"elementor\" data-request=\"WyJlbGVtZW50b3IiLDIwODQsImJkZTRkMTFhIl0=\"><\/span>\t\t\t\t<\/div>\n\t\t\t\t<\/div>\n\t\t\t\t\t<\/div>\n\t\t<\/div>\n\t\t\t\t\t<\/div>\n\t\t<\/section>\n\t\t\t\t<\/div>\n\t\t","protected":false},"excerpt":{"rendered":"<p>&#8230;<\/p>\n","protected":false},"author":1,"featured_media":0,"parent":0,"menu_order":0,"comment_status":"closed","ping_status":"closed","template":"","meta":{"footnotes":""},"class_list":["post-15","page","type-page","status-publish","hentry"],"_links":{"self":[{"href":"https:\/\/serviciotecnicocesec.com\/index.php\/wp-json\/wp\/v2\/pages\/15","targetHints":{"allow":["GET"]}}],"collection":[{"href":"https:\/\/serviciotecnicocesec.com\/index.php\/wp-json\/wp\/v2\/pages"}],"about":[{"href":"https:\/\/serviciotecnicocesec.com\/index.php\/wp-json\/wp\/v2\/types\/page"}],"author":[{"embeddable":true,"href":"https:\/\/serviciotecnicocesec.com\/index.php\/wp-json\/wp\/v2\/users\/1"}],"replies":[{"embeddable":true,"href":"https:\/\/serviciotecnicocesec.com\/index.php\/wp-json\/wp\/v2\/comments?post=15"}],"version-history":[{"count":33,"href":"https:\/\/serviciotecnicocesec.com\/index.php\/wp-json\/wp\/v2\/pages\/15\/revisions"}],"predecessor-version":[{"id":2193,"href":"https:\/\/serviciotecnicocesec.com\/index.php\/wp-json\/wp\/v2\/pages\/15\/revisions\/2193"}],"wp:attachment":[{"href":"https:\/\/serviciotecnicocesec.com\/index.php\/wp-json\/wp\/v2\/media?parent=15"}],"curies":[{"name":"wp","href":"https:\/\/api.w.org\/{rel}","templated":true}]}}