{"id":2092,"date":"2024-09-18T00:49:50","date_gmt":"2024-09-17T23:49:50","guid":{"rendered":"https:\/\/serviciotecnicocesec.com\/?page_id=2092"},"modified":"2024-09-18T00:50:06","modified_gmt":"2024-09-17T23:50:06","slug":"preguntas-frecuentes","status":"publish","type":"page","link":"https:\/\/serviciotecnicocesec.com\/index.php\/preguntas-frecuentes\/","title":{"rendered":"Preguntas Frecuentes"},"content":{"rendered":"\n<h1 class=\"wp-block-heading\">Preguntas frecuentes<\/h1>\n\n\n\n<p><strong>\u00bfCu\u00e1l es su horario de atenci\u00f3n?<\/strong><\/p>\n\n\n\n<p>Ofrecemos servicio t\u00e9cnico en todo Lima Metropolitana. Nuestro&nbsp;<strong>horario de atenci\u00f3n<\/strong>&nbsp;es de lunes a viernes de 9:00 am a 6:00 pm, y los s\u00e1bados de 9:00 am a 1:00 pm (en Los Olivos) y de 9:00 am a 6:00 pm (en San Miguel). Aceptamos efectivo y pagos con tarjeta Visa.<\/p>\n\n\n\n<p><strong>\u00bfCu\u00e1l es el proceso que siguen para reparar?<\/strong><\/p>\n\n\n\n<p>Lo primero que hacemos es revisar su artefacto por dentro y por fuera. Luego el t\u00e9cnico encargado arma un presupuesto acorde con lo que ha encontrado y se le pregunta a usted si est\u00e1 de acuerdo con el costo de reparaci\u00f3n. Si usted acepta el presupuesto pasamos a reparar su artefacto.<\/p>\n\n\n\n<p><strong>Luego de dejar mi artefacto en CESEC \u00bfC\u00f3mo sabr\u00e9 si ya lo repararon?<\/strong><\/p>\n\n\n\n<p>En todo momento puede consultar sobre su artefacto escribi\u00e9ndonos a info@serviciotecnicocesec.com o llam\u00e1ndonos a cualquier de nuestros tel\u00e9fonos. Tambi\u00e9n puede consultar a uno de nuestros WhatsApp: 959588329 \/971217080 \/973308715<\/p>\n\n\n\n<p><strong>\u00bfQu\u00e9 clase de repuestos usamos en la reparaci\u00f3n?<\/strong><\/p>\n\n\n\n<p>Usamos repuestos originales en nuestros servicios. En caso de que no encontremos un repuesto original (pues a veces ya no se produce nuevos repuestos), consultaremos con usted antes de buscar un reemplazo.<\/p>\n\n\n\n<p><strong>\u00bfOfrecen una garant\u00eda por sus servicios?<\/strong><\/p>\n\n\n\n<p>Ofrecemos una garant\u00eda de tres meses, contando desde que reparamos su producto.&nbsp;Para que la garant\u00eda sea v\u00e1lida se deben cumplir las siguientes condiciones:&nbsp;<\/p>\n\n\n\n<p>1) El producto debe ser SONY, LG, RECORD o EPSON<\/p>\n\n\n\n<p>2) No debe haber sido manipulado por otro t\u00e9cnico que no sea de CESEC<\/p>\n\n\n\n<p>3) Que se presente la misma falla en esos tres meses que repar\u00f3 CESEC<\/p>\n\n\n\n<p>4) No se debe haber removido su sticker de garant\u00eda CESEC<\/p>\n\n\n\n<p><strong>\u00bfPor qu\u00e9 m\u00e1s confiar en nosotros?<\/strong><\/p>\n\n\n\n<p>Nuestro equipo cuenta con muchos a\u00f1os de experiencia. Consulte con nosotros ante cualquier duda.<\/p>\n","protected":false},"excerpt":{"rendered":"<p>&#8230;<\/p>\n","protected":false},"author":1,"featured_media":0,"parent":0,"menu_order":0,"comment_status":"closed","ping_status":"closed","template":"","meta":{"footnotes":""},"class_list":["post-2092","page","type-page","status-publish","hentry"],"_links":{"self":[{"href":"https:\/\/serviciotecnicocesec.com\/index.php\/wp-json\/wp\/v2\/pages\/2092","targetHints":{"allow":["GET"]}}],"collection":[{"href":"https:\/\/serviciotecnicocesec.com\/index.php\/wp-json\/wp\/v2\/pages"}],"about":[{"href":"https:\/\/serviciotecnicocesec.com\/index.php\/wp-json\/wp\/v2\/types\/page"}],"author":[{"embeddable":true,"href":"https:\/\/serviciotecnicocesec.com\/index.php\/wp-json\/wp\/v2\/users\/1"}],"replies":[{"embeddable":true,"href":"https:\/\/serviciotecnicocesec.com\/index.php\/wp-json\/wp\/v2\/comments?post=2092"}],"version-history":[{"count":1,"href":"https:\/\/serviciotecnicocesec.com\/index.php\/wp-json\/wp\/v2\/pages\/2092\/revisions"}],"predecessor-version":[{"id":2093,"href":"https:\/\/serviciotecnicocesec.com\/index.php\/wp-json\/wp\/v2\/pages\/2092\/revisions\/2093"}],"wp:attachment":[{"href":"https:\/\/serviciotecnicocesec.com\/index.php\/wp-json\/wp\/v2\/media?parent=2092"}],"curies":[{"name":"wp","href":"https:\/\/api.w.org\/{rel}","templated":true}]}}