{"id":53,"date":"2022-02-06T09:58:39","date_gmt":"2022-02-06T09:58:39","guid":{"rendered":"https:\/\/xstore.8theme.com\/elementor\/demos\/minimal-electronics\/?page_id=53"},"modified":"2025-08-14T20:06:41","modified_gmt":"2025-08-14T19:06:41","slug":"about-us","status":"publish","type":"page","link":"https:\/\/serviciotecnicocesec.com\/index.php\/about-us\/","title":{"rendered":"About us"},"content":{"rendered":"\t\t<div data-elementor-type=\"wp-page\" data-elementor-id=\"53\" class=\"elementor elementor-53\" data-elementor-post-type=\"page\">\n\t\t\t\t\t\t<section class=\"elementor-section elementor-top-section elementor-element elementor-element-d78071b animated-fast elementor-section-boxed elementor-section-height-default elementor-section-height-default elementor-invisible\" data-id=\"d78071b\" data-element_type=\"section\" data-settings=\"{&quot;animation&quot;:&quot;fadeInUp&quot;}\">\n\t\t\t\t\t\t<div class=\"elementor-container elementor-column-gap-no\">\n\t\t\t\t\t<div class=\"elementor-column elementor-col-100 elementor-top-column elementor-element elementor-element-2ac7177\" data-id=\"2ac7177\" data-element_type=\"column\">\n\t\t\t<div class=\"elementor-widget-wrap elementor-element-populated\">\n\t\t\t\t\t\t<div class=\"elementor-element elementor-element-eb49b9e elementor-align-center elementor-widget elementor-widget-etheme_advanced_headline\" data-id=\"eb49b9e\" data-element_type=\"widget\" data-widget_type=\"etheme_advanced_headline.default\">\n\t\t\t\t<div class=\"elementor-widget-container\">\n\t\t\t\t\t        \n        <div class=\"etheme-a-h-wrapper\">\n        \n            \n        <h2 class=\"etheme-advanced-headline etheme-advanced-headline-mask\">\n\n            Sobre nosotros\n        <\/h2>\n\t\t\n                            <p class=\"etheme-a-h-text-after\">\n                    En CESEC brindamos servicio t\u00e9cnico para electrodom\u00e9sticos en Lima Metropolitana. Ll\u00e1menos al 5623001 o escr\u00edbanos a info@serviciotecnicocesec.com                <\/p>\n                    \n        <\/div>\n        \n\t\t\t\t\t\t<\/div>\n\t\t\t\t<\/div>\n\t\t\t\t<div class=\"elementor-element elementor-element-5ffde3e elementor-widget elementor-widget-image\" data-id=\"5ffde3e\" data-element_type=\"widget\" data-widget_type=\"image.default\">\n\t\t\t\t<div class=\"elementor-widget-container\">\n\t\t\t\t\t\t\t\t\t\t\t\t\t\t\t<img loading=\"lazy\" loading=\"lazy\" decoding=\"async\" width=\"1600\" height=\"500\" src=\"https:\/\/serviciotecnicocesec.com\/wp-content\/uploads\/2022\/02\/Image-1.jpeg\" class=\"elementor-animation-bob attachment-full size-full wp-image-472\" alt=\"\" \/>\t\t\t\t\t\t\t\t\t\t\t\t\t\t\t<\/div>\n\t\t\t\t<\/div>\n\t\t\t\t\t<\/div>\n\t\t<\/div>\n\t\t\t\t\t<\/div>\n\t\t<\/section>\n\t\t\t\t<section class=\"elementor-section elementor-top-section elementor-element elementor-element-acd1460 elementor-section-content-middle elementor-section-boxed elementor-section-height-default elementor-section-height-default\" data-id=\"acd1460\" data-element_type=\"section\">\n\t\t\t\t\t\t<div class=\"elementor-container elementor-column-gap-no\">\n\t\t\t\t\t<div class=\"elementor-column elementor-col-50 elementor-top-column elementor-element elementor-element-3a87cf4 animated-fast elementor-invisible\" data-id=\"3a87cf4\" data-element_type=\"column\" data-settings=\"{&quot;animation&quot;:&quot;fadeInLeft&quot;}\">\n\t\t\t<div class=\"elementor-widget-wrap elementor-element-populated\">\n\t\t\t\t\t\t<div class=\"elementor-element elementor-element-10275bd5 elementor-widget__width-initial elementor-align-center elementor-widget elementor-widget-etheme_advanced_headline\" data-id=\"10275bd5\" data-element_type=\"widget\" data-widget_type=\"etheme_advanced_headline.default\">\n\t\t\t\t<div class=\"elementor-widget-container\">\n\t\t\t\t\t        \n        <div class=\"etheme-a-h-wrapper\">\n        \n                            <span class=\"etheme-a-h-text-before\">\n                    Conocimiento a sus ordenes                <\/span>\n            \n        <div class=\"etheme-advanced-headline\">\n\n            A\u00f1os de experencia nos respaldan<span class=\"etheme-a-h-text\">\u00a1Somos los mejores en nuestro trabajo!<\/span>\n                \n        <\/div>\n\t\t\n                            <p class=\"etheme-a-h-text-after\">\n                    Nuestro equipo cuenta con a\u00f1os de experiencia que ahora ponemos a su servicio. Conf\u00ede en nosotros como ya lo han hecho empresas y organizaciones de prestigio                <\/p>\n                    \n        <\/div>\n        \n\t\t\t\t\t\t<\/div>\n\t\t\t\t<\/div>\n\t\t\t\t\t<\/div>\n\t\t<\/div>\n\t\t\t\t<div class=\"elementor-column elementor-col-50 elementor-top-column elementor-element elementor-element-81da082\" data-id=\"81da082\" data-element_type=\"column\">\n\t\t\t<div class=\"elementor-widget-wrap elementor-element-populated\">\n\t\t\t\t\t\t<div class=\"elementor-element elementor-element-973cb31 elementor-widget elementor-widget-etheme_gallery\" data-id=\"973cb31\" data-element_type=\"widget\" data-settings=\"{&quot;type&quot;:&quot;justified&quot;,&quot;ideal_row_height&quot;:{&quot;unit&quot;:&quot;px&quot;,&quot;size&quot;:223,&quot;sizes&quot;:[]},&quot;ideal_row_height_tablet&quot;:{&quot;unit&quot;:&quot;px&quot;,&quot;size&quot;:150,&quot;sizes&quot;:[]},&quot;ideal_row_height_mobile&quot;:{&quot;unit&quot;:&quot;px&quot;,&quot;size&quot;:150,&quot;sizes&quot;:[]},&quot;columns_gap&quot;:{&quot;unit&quot;:&quot;px&quot;,&quot;size&quot;:10,&quot;sizes&quot;:[]},&quot;columns_gap_tablet&quot;:{&quot;unit&quot;:&quot;px&quot;,&quot;size&quot;:&quot;&quot;,&quot;sizes&quot;:[]},&quot;columns_gap_mobile&quot;:{&quot;unit&quot;:&quot;px&quot;,&quot;size&quot;:&quot;&quot;,&quot;sizes&quot;:[]},&quot;rows_gap&quot;:{&quot;unit&quot;:&quot;px&quot;,&quot;size&quot;:10,&quot;sizes&quot;:[]},&quot;rows_gap_tablet&quot;:{&quot;unit&quot;:&quot;px&quot;,&quot;size&quot;:&quot;&quot;,&quot;sizes&quot;:[]},&quot;rows_gap_mobile&quot;:{&quot;unit&quot;:&quot;px&quot;,&quot;size&quot;:&quot;&quot;,&quot;sizes&quot;:[]}}\" data-widget_type=\"etheme_gallery.default\">\n\t\t\t\t<div class=\"elementor-widget-container\">\n\t\t\t\t\t        \n        <div class=\"etheme-gallery-wrapper\">\n            \t            \n\t            <div class=\"e-gallery etheme-gallery active\" id=\"etheme-gallery-4710\" data-item-settings=\"{&quot;type&quot;:&quot;justified&quot;}\" data-uniq-id=\"4710\">\n                                <div class=\"e-gallery-item etheme-gallery-item\">\n                <div class=\"etheme-gallery-item-overlay\">\n                    <a data-elementor-open-lightbox=\"yes\" data-elementor-lightbox-slideshow=\"all-973cb31\" data-elementor-lightbox-title=\"San Miguel\" data-e-action-hash=\"#elementor-action%3Aaction%3Dlightbox%26settings%3DeyJpZCI6MjEyNCwidXJsIjoiaHR0cHM6XC9cL3NlcnZpY2lvdGVjbmljb2Nlc2VjLmNvbVwvd3AtY29udGVudFwvdXBsb2Fkc1wvMjAyNFwvMDlcL1Nhbi1NaWd1ZWwuanBlZyIsInNsaWRlc2hvdyI6ImFsbC05NzNjYjMxIn0%3D\" class=\"e-gallery-image etheme-gallery-image elementor-gallery-item__image\" data-thumbnail=\"https:\/\/serviciotecnicocesec.com\/wp-content\/uploads\/2024\/09\/San-Miguel.jpeg\" data-width=\"1280\" data-height=\"791\" alt=\"\" style=\"background-image: url(&#039;https:\/\/serviciotecnicocesec.com\/wp-content\/uploads\/2024\/09\/San-Miguel.jpeg&#039;)\" href=\"https:\/\/serviciotecnicocesec.com\/wp-content\/uploads\/2024\/09\/San-Miguel.jpeg\"><\/a>\n\t                                <\/div>\n\t            <span class=\"etheme-gallery-item-details etheme-gallery-item-details-inside with-alignment\"><span class=\"etheme-gallery-lightbox-icon\">\n            <svg version=\"1.1\" xmlns=\"http:\/\/www.w3.org\/2000\/svg\" width=\"1em\" height=\"1em\" viewBox=\"0 0 24 24\" fill=\"currentColor\">\n                <path d=\"M23.784 22.8l-6.168-6.144c1.584-1.848 2.448-4.176 2.448-6.576 0-5.52-4.488-10.032-10.032-10.032-5.52 0-10.008 4.488-10.008 10.008s4.488 10.032 10.032 10.032c2.424 0 4.728-0.864 6.576-2.472l6.168 6.144c0.144 0.144 0.312 0.216 0.48 0.216s0.336-0.072 0.456-0.192c0.144-0.12 0.216-0.288 0.24-0.48 0-0.192-0.072-0.384-0.192-0.504zM18.696 10.080c0 4.752-3.888 8.64-8.664 8.64-4.752 0-8.64-3.888-8.64-8.664 0-4.752 3.888-8.64 8.664-8.64s8.64 3.888 8.64 8.664z\"><\/path>\n            <\/svg>\n        <\/span><\/span>\t                        <\/div>\n\t                    <\/div>\n                    <\/div>\n        \n        \t\t\t\t<\/div>\n\t\t\t\t<\/div>\n\t\t\t\t\t<\/div>\n\t\t<\/div>\n\t\t\t\t\t<\/div>\n\t\t<\/section>\n\t\t\t\t<section class=\"elementor-section elementor-top-section elementor-element elementor-element-f8ebb67 elementor-section-content-middle elementor-section-boxed elementor-section-height-default elementor-section-height-default\" data-id=\"f8ebb67\" data-element_type=\"section\">\n\t\t\t\t\t\t<div class=\"elementor-container elementor-column-gap-no\">\n\t\t\t\t\t<div class=\"elementor-column elementor-col-50 elementor-top-column elementor-element elementor-element-8a26d6f elementor-invisible\" data-id=\"8a26d6f\" data-element_type=\"column\" data-settings=\"{&quot;animation&quot;:&quot;fadeIn&quot;}\">\n\t\t\t<div class=\"elementor-widget-wrap elementor-element-populated\">\n\t\t\t\t\t\t<div class=\"elementor-element elementor-element-60aee88 elementor-widget elementor-widget-etheme_gallery\" data-id=\"60aee88\" data-element_type=\"widget\" data-settings=\"{&quot;type&quot;:&quot;grid&quot;,&quot;columns&quot;:{&quot;unit&quot;:&quot;px&quot;,&quot;size&quot;:3,&quot;sizes&quot;:[]},&quot;columns_tablet&quot;:{&quot;unit&quot;:&quot;px&quot;,&quot;size&quot;:3,&quot;sizes&quot;:[]},&quot;columns_mobile&quot;:{&quot;unit&quot;:&quot;px&quot;,&quot;size&quot;:2,&quot;sizes&quot;:[]},&quot;columns_gap&quot;:{&quot;unit&quot;:&quot;px&quot;,&quot;size&quot;:10,&quot;sizes&quot;:[]},&quot;columns_gap_tablet&quot;:{&quot;unit&quot;:&quot;px&quot;,&quot;size&quot;:&quot;&quot;,&quot;sizes&quot;:[]},&quot;columns_gap_mobile&quot;:{&quot;unit&quot;:&quot;px&quot;,&quot;size&quot;:&quot;&quot;,&quot;sizes&quot;:[]},&quot;rows_gap&quot;:{&quot;unit&quot;:&quot;px&quot;,&quot;size&quot;:10,&quot;sizes&quot;:[]},&quot;rows_gap_tablet&quot;:{&quot;unit&quot;:&quot;px&quot;,&quot;size&quot;:&quot;&quot;,&quot;sizes&quot;:[]},&quot;rows_gap_mobile&quot;:{&quot;unit&quot;:&quot;px&quot;,&quot;size&quot;:&quot;&quot;,&quot;sizes&quot;:[]}}\" data-widget_type=\"etheme_gallery.default\">\n\t\t\t\t<div class=\"elementor-widget-container\">\n\t\t\t\t\t        \n        <div class=\"etheme-gallery-wrapper\">\n            \t            \n\t            <div class=\"e-gallery etheme-gallery active\" id=\"etheme-gallery-2645\" data-item-settings=\"{&quot;type&quot;:&quot;grid&quot;}\" data-uniq-id=\"2645\">\n                                <div class=\"e-gallery-item etheme-gallery-item\">\n                <div class=\"etheme-gallery-item-overlay\">\n                    <a data-elementor-open-lightbox=\"no\" class=\"e-gallery-image etheme-gallery-image elementor-gallery-item__image\" data-thumbnail=\"https:\/\/serviciotecnicocesec.com\/wp-content\/uploads\/2022\/02\/brand-01.jpeg\" data-width=\"270\" data-height=\"149\" alt=\"\" style=\"background-image: url(&#039;https:\/\/serviciotecnicocesec.com\/wp-content\/uploads\/2022\/02\/brand-01.jpeg&#039;)\" href=\"https:\/\/serviciotecnicocesec.com\/wp-content\/uploads\/2022\/02\/brand-01.jpeg\"><\/a>\n\t                <span class=\"etheme-gallery-item-details etheme-gallery-item-details-inside\"><\/span>                <\/div>\n\t            \t                        <\/div>\n\t                <div class=\"e-gallery-item etheme-gallery-item\">\n                <div class=\"etheme-gallery-item-overlay\">\n                    <a data-elementor-open-lightbox=\"no\" class=\"e-gallery-image etheme-gallery-image elementor-gallery-item__image\" data-thumbnail=\"https:\/\/serviciotecnicocesec.com\/wp-content\/uploads\/2022\/02\/brand-02.jpeg\" data-width=\"270\" data-height=\"149\" alt=\"\" style=\"background-image: url(&#039;https:\/\/serviciotecnicocesec.com\/wp-content\/uploads\/2022\/02\/brand-02.jpeg&#039;)\" href=\"https:\/\/serviciotecnicocesec.com\/wp-content\/uploads\/2022\/02\/brand-02.jpeg\"><\/a>\n\t                <span class=\"etheme-gallery-item-details etheme-gallery-item-details-inside\"><\/span>                <\/div>\n\t            \t                        <\/div>\n\t                <div class=\"e-gallery-item etheme-gallery-item\">\n                <div class=\"etheme-gallery-item-overlay\">\n                    <a data-elementor-open-lightbox=\"no\" class=\"e-gallery-image etheme-gallery-image elementor-gallery-item__image\" data-thumbnail=\"https:\/\/serviciotecnicocesec.com\/wp-content\/uploads\/2022\/02\/brand-03.jpeg\" data-width=\"265\" data-height=\"147\" alt=\"\" style=\"background-image: url(&#039;https:\/\/serviciotecnicocesec.com\/wp-content\/uploads\/2022\/02\/brand-03.jpeg&#039;)\" href=\"https:\/\/serviciotecnicocesec.com\/wp-content\/uploads\/2022\/02\/brand-03.jpeg\"><\/a>\n\t                <span class=\"etheme-gallery-item-details etheme-gallery-item-details-inside\"><\/span>                <\/div>\n\t            \t                        <\/div>\n\t                <div class=\"e-gallery-item etheme-gallery-item\">\n                <div class=\"etheme-gallery-item-overlay\">\n                    <a data-elementor-open-lightbox=\"no\" class=\"e-gallery-image etheme-gallery-image elementor-gallery-item__image\" data-thumbnail=\"https:\/\/serviciotecnicocesec.com\/wp-content\/uploads\/2022\/02\/brand-04.jpeg\" data-width=\"265\" data-height=\"147\" alt=\"\" style=\"background-image: url(&#039;https:\/\/serviciotecnicocesec.com\/wp-content\/uploads\/2022\/02\/brand-04.jpeg&#039;)\" href=\"https:\/\/serviciotecnicocesec.com\/wp-content\/uploads\/2022\/02\/brand-04.jpeg\"><\/a>\n\t                <span class=\"etheme-gallery-item-details etheme-gallery-item-details-inside\"><\/span>                <\/div>\n\t            \t                        <\/div>\n\t                <div class=\"e-gallery-item etheme-gallery-item\">\n                <div class=\"etheme-gallery-item-overlay\">\n                    <a data-elementor-open-lightbox=\"no\" class=\"e-gallery-image etheme-gallery-image elementor-gallery-item__image\" data-thumbnail=\"https:\/\/serviciotecnicocesec.com\/wp-content\/uploads\/2022\/02\/brand-05.jpeg\" data-width=\"280\" data-height=\"155\" alt=\"\" style=\"background-image: url(&#039;https:\/\/serviciotecnicocesec.com\/wp-content\/uploads\/2022\/02\/brand-05.jpeg&#039;)\" href=\"https:\/\/serviciotecnicocesec.com\/wp-content\/uploads\/2022\/02\/brand-05.jpeg\"><\/a>\n\t                <span class=\"etheme-gallery-item-details etheme-gallery-item-details-inside\"><\/span>                <\/div>\n\t            \t                        <\/div>\n\t                <div class=\"e-gallery-item etheme-gallery-item\">\n                <div class=\"etheme-gallery-item-overlay\">\n                    <a data-elementor-open-lightbox=\"no\" class=\"e-gallery-image etheme-gallery-image elementor-gallery-item__image\" data-thumbnail=\"https:\/\/serviciotecnicocesec.com\/wp-content\/uploads\/2022\/02\/brand-06.jpeg\" data-width=\"270\" data-height=\"149\" alt=\"\" style=\"background-image: url(&#039;https:\/\/serviciotecnicocesec.com\/wp-content\/uploads\/2022\/02\/brand-06.jpeg&#039;)\" href=\"https:\/\/serviciotecnicocesec.com\/wp-content\/uploads\/2022\/02\/brand-06.jpeg\"><\/a>\n\t                <span class=\"etheme-gallery-item-details etheme-gallery-item-details-inside\"><\/span>                <\/div>\n\t            \t                        <\/div>\n\t                <div class=\"e-gallery-item etheme-gallery-item\">\n                <div class=\"etheme-gallery-item-overlay\">\n                    <a data-elementor-open-lightbox=\"no\" class=\"e-gallery-image etheme-gallery-image elementor-gallery-item__image\" data-thumbnail=\"https:\/\/serviciotecnicocesec.com\/wp-content\/uploads\/2022\/02\/Logo.jpeg\" data-width=\"265\" data-height=\"146\" alt=\"\" style=\"background-image: url(&#039;https:\/\/serviciotecnicocesec.com\/wp-content\/uploads\/2022\/02\/Logo.jpeg&#039;)\" href=\"https:\/\/serviciotecnicocesec.com\/wp-content\/uploads\/2022\/02\/Logo.jpeg\"><\/a>\n\t                <span class=\"etheme-gallery-item-details etheme-gallery-item-details-inside\"><\/span>                <\/div>\n\t            \t                        <\/div>\n\t                    <\/div>\n                    <\/div>\n        \n        \t\t\t\t<\/div>\n\t\t\t\t<\/div>\n\t\t\t\t\t<\/div>\n\t\t<\/div>\n\t\t\t\t<div class=\"elementor-column elementor-col-50 elementor-top-column elementor-element elementor-element-8e8c588 animated-fast elementor-invisible\" data-id=\"8e8c588\" data-element_type=\"column\" data-settings=\"{&quot;animation&quot;:&quot;fadeInRight&quot;}\">\n\t\t\t<div class=\"elementor-widget-wrap elementor-element-populated\">\n\t\t\t\t\t\t<div class=\"elementor-element elementor-element-6a4304e elementor-widget elementor-widget-text-editor\" data-id=\"6a4304e\" data-element_type=\"widget\" data-widget_type=\"text-editor.default\">\n\t\t\t\t<div class=\"elementor-widget-container\">\n\t\t\t\t\t\t\t\t\t<p>Conocemos nuestra labor<\/p>\t\t\t\t\t\t\t\t<\/div>\n\t\t\t\t<\/div>\n\t\t\t\t<div class=\"elementor-element elementor-element-5161a14 elementor-widget elementor-widget-etheme_animated_headline\" data-id=\"5161a14\" data-element_type=\"widget\" data-settings=\"{&quot;shape&quot;:&quot;custom&quot;,&quot;text_style&quot;:&quot;highlight&quot;,&quot;loop&quot;:&quot;yes&quot;,&quot;duration&quot;:{&quot;unit&quot;:&quot;px&quot;,&quot;size&quot;:&quot;&quot;,&quot;sizes&quot;:[]}}\" data-widget_type=\"etheme_animated_headline.default\">\n\t\t\t\t<div class=\"elementor-widget-container\">\n\t\t\t\t\t        \n        <div class=\"etheme-headline-wrapper\">\n            <h2 class=\"etheme-headline\" data-style=\"highlight\">\n\t\t                                <span class=\"etheme-headline-text-before\">\n\t                        Con el                        <\/span>\n                                    <span class=\"etheme-headline-text-wrapper\">\n                \n\t\t        Respaldo                \n                <\/span>\n                                    <span class=\"etheme-headline-text-after\">\n                        de marcas de prestigio                    <\/span>\n                            <\/h2>\n        <\/div>\n        \n\t\t\t\t\t\t<\/div>\n\t\t\t\t<\/div>\n\t\t\t\t<div class=\"elementor-element elementor-element-72b00b1 elementor-widget elementor-widget-text-editor\" data-id=\"72b00b1\" data-element_type=\"widget\" data-widget_type=\"text-editor.default\">\n\t\t\t\t<div class=\"elementor-widget-container\">\n\t\t\t\t\t\t\t\t\t<p>Contamos con el respaldo de LG, EPSON y SONY. Tambi\u00e9n vendemos repuestos y accesorios originales. Reparamos electrodom\u00e9sticos LG, EPSON, SAMSUNG, SONY, RECORD, HUAWEI, PANASONIC y otras marcas.<\/p>\t\t\t\t\t\t\t\t<\/div>\n\t\t\t\t<\/div>\n\t\t\t\t\t<\/div>\n\t\t<\/div>\n\t\t\t\t\t<\/div>\n\t\t<\/section>\n\t\t\t\t<\/div>\n\t\t","protected":false},"excerpt":{"rendered":"<p>&#8230;<\/p>\n","protected":false},"author":1,"featured_media":0,"parent":0,"menu_order":0,"comment_status":"closed","ping_status":"closed","template":"","meta":{"footnotes":""},"class_list":["post-53","page","type-page","status-publish","hentry"],"_links":{"self":[{"href":"https:\/\/serviciotecnicocesec.com\/index.php\/wp-json\/wp\/v2\/pages\/53","targetHints":{"allow":["GET"]}}],"collection":[{"href":"https:\/\/serviciotecnicocesec.com\/index.php\/wp-json\/wp\/v2\/pages"}],"about":[{"href":"https:\/\/serviciotecnicocesec.com\/index.php\/wp-json\/wp\/v2\/types\/page"}],"author":[{"embeddable":true,"href":"https:\/\/serviciotecnicocesec.com\/index.php\/wp-json\/wp\/v2\/users\/1"}],"replies":[{"embeddable":true,"href":"https:\/\/serviciotecnicocesec.com\/index.php\/wp-json\/wp\/v2\/comments?post=53"}],"version-history":[{"count":21,"href":"https:\/\/serviciotecnicocesec.com\/index.php\/wp-json\/wp\/v2\/pages\/53\/revisions"}],"predecessor-version":[{"id":2187,"href":"https:\/\/serviciotecnicocesec.com\/index.php\/wp-json\/wp\/v2\/pages\/53\/revisions\/2187"}],"wp:attachment":[{"href":"https:\/\/serviciotecnicocesec.com\/index.php\/wp-json\/wp\/v2\/media?parent=53"}],"curies":[{"name":"wp","href":"https:\/\/api.w.org\/{rel}","templated":true}]}}